{"id":4938,"date":"2023-04-15T10:12:36","date_gmt":"2023-04-15T10:12:36","guid":{"rendered":"https:\/\/www.conzeptas-rievers.at\/?page_id=4938"},"modified":"2023-09-05T10:56:08","modified_gmt":"2023-09-05T10:56:08","slug":"grundsaetze1","status":"publish","type":"page","link":"https:\/\/www.conzeptas-rievers.at\/en\/ueber-uns-2\/grundsaetze1\/","title":{"rendered":"Principles"},"content":{"rendered":"<div data-elementor-type=\"wp-page\" data-elementor-id=\"4938\" class=\"elementor elementor-4938\" data-elementor-post-type=\"page\">\n\t\t\t\t\t\t<section class=\"elementor-section elementor-top-section elementor-element elementor-element-5f8d69c elementor-section-full_width elementor-section-stretched elementor-section-height-default elementor-section-height-default\" data-id=\"5f8d69c\" data-element_type=\"section\" data-e-type=\"section\" data-settings=\"{&quot;stretch_section&quot;:&quot;section-stretched&quot;,&quot;background_background&quot;:&quot;classic&quot;}\">\n\t\t\t\t\t\t<div class=\"elementor-container elementor-column-gap-default\">\n\t\t\t\t\t<div class=\"elementor-column elementor-col-100 elementor-top-column elementor-element elementor-element-f244300\" data-id=\"f244300\" data-element_type=\"column\" data-e-type=\"column\">\n\t\t\t<div class=\"elementor-widget-wrap elementor-element-populated\">\n\t\t\t\t\t\t<div class=\"elementor-element elementor-element-2868d90 elementor-widget elementor-widget-spacer\" data-id=\"2868d90\" data-element_type=\"widget\" data-e-type=\"widget\" data-widget_type=\"spacer.default\">\n\t\t\t\t<div class=\"elementor-widget-container\">\n\t\t\t\t\t\t\t<div class=\"elementor-spacer\">\n\t\t\t<div class=\"elementor-spacer-inner\"><\/div>\n\t\t<\/div>\n\t\t\t\t\t\t<\/div>\n\t\t\t\t<\/div>\n\t\t\t\t\t<\/div>\n\t\t<\/div>\n\t\t\t\t\t<\/div>\n\t\t<\/section>\n\t\t\t\t<section class=\"elementor-section elementor-top-section elementor-element elementor-element-79fa917 elementor-section-stretched elementor-section-boxed elementor-section-height-default elementor-section-height-default\" data-id=\"79fa917\" data-element_type=\"section\" data-e-type=\"section\" data-settings=\"{&quot;stretch_section&quot;:&quot;section-stretched&quot;}\">\n\t\t\t\t\t\t<div class=\"elementor-container elementor-column-gap-default\">\n\t\t\t\t\t<div class=\"elementor-column elementor-col-100 elementor-top-column elementor-element elementor-element-039f421\" data-id=\"039f421\" data-element_type=\"column\" data-e-type=\"column\">\n\t\t\t<div class=\"elementor-widget-wrap elementor-element-populated\">\n\t\t\t\t\t\t<div class=\"elementor-element elementor-element-76e09c1 elementor-widget elementor-widget-heading\" data-id=\"76e09c1\" data-element_type=\"widget\" data-e-type=\"widget\" data-widget_type=\"heading.default\">\n\t\t\t\t<div class=\"elementor-widget-container\">\n\t\t\t\t\t<h2 class=\"elementor-heading-title elementor-size-default\">We are here for you -<br>\nWe for you<\/h2>\t\t\t\t<\/div>\n\t\t\t\t<\/div>\n\t\t\t\t<div class=\"elementor-element elementor-element-485f6c7 elementor-widget elementor-widget-text-editor\" data-id=\"485f6c7\" data-element_type=\"widget\" data-e-type=\"widget\" data-widget_type=\"text-editor.default\">\n\t\t\t\t<div class=\"elementor-widget-container\">\n\t\t\t\t\t\t\t\t\t<p>Innovation, flexibility and permanent monitoring of market developments are required to secure a successful future. We live from market changes. For us, these changes mean more responsibility, self-organization and self-commitment \u2013 within the framework of clear, self-created target agreements.<\/p><p><strong>Our cooperation: Personal. Structured. Efficient.<\/strong><\/p><p>People continue to come first in an increasingly technological world. In order to gain and maintain the trust and loyalty of our clients, personal conversation is our preferred form of communication, despite the most modern communication media. Our well-trained and exceptionally motivated team supports you throughout the entire development process up to the best-practice solution. Enthusiasm for the task and pleasure in the work are the breeding ground for our success.<\/p><p><strong>Our solutions for you: Individual. Competent. Transparent.<\/strong><\/p><p>It is our fundamental goal to build a good, long-term relationship with our clients, characterized by mutual respect, courtesy and integrity. We also aim to strengthen this relationship through helpfulness and effective responses to client requests and needs. Our commitment is to provide our clients with a service of the highest quality and greatest value and benefit \u2013 according to the quote by Hermann Hesse:<\/p>\t\t\t\t\t\t\t\t<\/div>\n\t\t\t\t<\/div>\n\t\t\t\t\t<\/div>\n\t\t<\/div>\n\t\t\t\t\t<\/div>\n\t\t<\/section>\n\t\t\t\t<section class=\"elementor-section elementor-top-section elementor-element elementor-element-44f7b9f elementor-section-full_width elementor-section-height-default elementor-section-height-default\" data-id=\"44f7b9f\" data-element_type=\"section\" data-e-type=\"section\">\n\t\t\t\t\t\t<div class=\"elementor-container elementor-column-gap-no\">\n\t\t\t\t\t<div class=\"elementor-column elementor-col-50 elementor-top-column elementor-element elementor-element-2477c72\" data-id=\"2477c72\" data-element_type=\"column\" data-e-type=\"column\" data-settings=\"{&quot;background_background&quot;:&quot;gradient&quot;}\">\n\t\t\t<div class=\"elementor-widget-wrap elementor-element-populated\">\n\t\t\t\t\t\t<div class=\"elementor-element elementor-element-ab6b3bd elementor-widget elementor-widget-heading\" data-id=\"ab6b3bd\" data-element_type=\"widget\" data-e-type=\"widget\" data-widget_type=\"heading.default\">\n\t\t\t\t<div class=\"elementor-widget-container\">\n\t\t\t\t\t<p class=\"elementor-heading-title elementor-size-default\">\"You have to try the impossible to achieve the possible.\" <\/p>\t\t\t\t<\/div>\n\t\t\t\t<\/div>\n\t\t\t\t<div class=\"elementor-element elementor-element-7ef1064 elementor-widget elementor-widget-heading\" data-id=\"7ef1064\" data-element_type=\"widget\" data-e-type=\"widget\" data-widget_type=\"heading.default\">\n\t\t\t\t<div class=\"elementor-widget-container\">\n\t\t\t\t\t<p class=\"elementor-heading-title elementor-size-default\">Quote by Hermann Hesse<\/p>\t\t\t\t<\/div>\n\t\t\t\t<\/div>\n\t\t\t\t\t<\/div>\n\t\t<\/div>\n\t\t\t\t<div class=\"elementor-column elementor-col-50 elementor-top-column elementor-element elementor-element-b34a065\" data-id=\"b34a065\" data-element_type=\"column\" data-e-type=\"column\">\n\t\t\t<div class=\"elementor-widget-wrap elementor-element-populated\">\n\t\t\t\t\t\t<div class=\"elementor-element elementor-element-40e1ec9 elementor-widget elementor-widget-image\" data-id=\"40e1ec9\" data-element_type=\"widget\" data-e-type=\"widget\" data-widget_type=\"image.default\">\n\t\t\t\t<div class=\"elementor-widget-container\">\n\t\t\t\t\t\t\t\t\t\t\t\t\t\t\t<img fetchpriority=\"high\" decoding=\"async\" width=\"1024\" height=\"687\" src=\"https:\/\/www.conzeptas-rievers.at\/wp-content\/uploads\/2023\/08\/Fotolia_75682908_XL-1024x687.jpg\" class=\"attachment-large size-large wp-image-5636\" alt=\"\" srcset=\"https:\/\/www.conzeptas-rievers.at\/wp-content\/uploads\/2023\/08\/Fotolia_75682908_XL-1024x687.jpg 1024w, https:\/\/www.conzeptas-rievers.at\/wp-content\/uploads\/2023\/08\/Fotolia_75682908_XL-300x201.jpg 300w, https:\/\/www.conzeptas-rievers.at\/wp-content\/uploads\/2023\/08\/Fotolia_75682908_XL-768x515.jpg 768w, https:\/\/www.conzeptas-rievers.at\/wp-content\/uploads\/2023\/08\/Fotolia_75682908_XL-1536x1030.jpg 1536w, https:\/\/www.conzeptas-rievers.at\/wp-content\/uploads\/2023\/08\/Fotolia_75682908_XL-2048x1374.jpg 2048w\" sizes=\"(max-width: 1024px) 100vw, 1024px\" \/>\t\t\t\t\t\t\t\t\t\t\t\t\t\t\t<\/div>\n\t\t\t\t<\/div>\n\t\t\t\t\t<\/div>\n\t\t<\/div>\n\t\t\t\t\t<\/div>\n\t\t<\/section>\n\t\t\t\t<section class=\"elementor-section elementor-top-section elementor-element elementor-element-2dfc65c elementor-section-stretched elementor-section-boxed elementor-section-height-default elementor-section-height-default\" data-id=\"2dfc65c\" data-element_type=\"section\" data-e-type=\"section\" data-settings=\"{&quot;stretch_section&quot;:&quot;section-stretched&quot;}\">\n\t\t\t\t\t\t<div class=\"elementor-container elementor-column-gap-default\">\n\t\t\t\t\t<div class=\"elementor-column elementor-col-100 elementor-top-column elementor-element elementor-element-f31d95c\" data-id=\"f31d95c\" data-element_type=\"column\" data-e-type=\"column\">\n\t\t\t<div class=\"elementor-widget-wrap elementor-element-populated\">\n\t\t\t\t\t\t<div class=\"elementor-element elementor-element-f9699a4 elementor-widget elementor-widget-heading\" data-id=\"f9699a4\" data-element_type=\"widget\" data-e-type=\"widget\" data-widget_type=\"heading.default\">\n\t\t\t\t<div class=\"elementor-widget-container\">\n\t\t\t\t\t<h3 class=\"elementor-heading-title elementor-size-default\">Our values: Committed. Trustworthy. Professional.<\/h3>\t\t\t\t<\/div>\n\t\t\t\t<\/div>\n\t\t\t\t<div class=\"elementor-element elementor-element-6004f4d elementor-widget elementor-widget-text-editor\" data-id=\"6004f4d\" data-element_type=\"widget\" data-e-type=\"widget\" data-widget_type=\"text-editor.default\">\n\t\t\t\t<div class=\"elementor-widget-container\">\n\t\t\t\t\t\t\t\t\t<p>Our values combine tradition with innovation to create a modern, future-oriented corporate culture with a focus on the essentials. This includes a high level of appreciation and the satisfaction of our employees. Long-standing business relationships and trusting partnerships confirm our success.<\/p>\t\t\t\t\t\t\t\t<\/div>\n\t\t\t\t<\/div>\n\t\t\t\t<div class=\"elementor-element elementor-element-e502778 elementor-widget elementor-widget-text-editor\" data-id=\"e502778\" data-element_type=\"widget\" data-e-type=\"widget\" data-widget_type=\"text-editor.default\">\n\t\t\t\t<div class=\"elementor-widget-container\">\n\t\t\t\t\t\t\t\t\t<strong>CONZEPTA\u2019S combines our principles:<\/strong>\u00a0vereint unsere Grunds\u00e4tze:\n<br><br>\n<strong style=\"font-size: 24px;\"><span style=\"color: #3366ff;\">C<\/span>ouragiertes Auftreten \u2013 Courageous appearance<\/strong>\n<br>\nCustomers and partners can rely on us. We pursue our corporate values with determination.\n<br><br>\n<strong style=\"font-size: 24px;\"><span style=\"color: #3366ff;\">O<\/span>ffene Kommunikation \u2013 Open communication<\/strong><br>\nFairness and an open approach to crises, conflicts and successes create a positive working atmosphere.\n<br><br>\n<strong style=\"font-size: 24px;\"><span style=\"color: #3366ff;\">N<\/span>iveauvoller Umgang \u2013 Classy behaviour<\/strong><br>\nRespect, appreciation, team spirit, integrity and constructive criticism determine our cooperation.\n<br><br>\n<strong style=\"font-size: 24px;\"><span style=\"color: #3366ff;\">Z<\/span>ukunftsorientiertes Denken \u2013 Future-oriented thinking<\/strong><br>\nNew, rapidly changing circumstances require innovative solutions.\n<br><br>\n<strong style=\"font-size: 24px;\"><span style=\"color: #3366ff;\">E<\/span>ngagierte Mitarbeiter \u2013 Committed employees<\/strong><br>\nReliability, commitment and initiative of each individual define the success of the company.\n<br><br>\n<strong style=\"font-size: 24px;\"><span style=\"color: #3366ff;\">P<\/span>rofessionelle Umsetzung \u2013 Professional implementation<\/strong><br>\nCompetence and an understanding of our clients\u2019 needs characterise our service.\n<br><br>\n<strong style=\"font-size: 24px;\"><span style=\"color: #3366ff;\">T<\/span>ransparente L\u00f6sungen \u2013 Transparent solutions<\/strong><br>\nComprehensible and understandable products and advice reinforce the credibility and honesty of our services.\n<br><br>\n<strong style=\"font-size: 24px;\"><span style=\"color: #3366ff;\">A<\/span>mbitionierte Ziele \u2013 Ambitious goals<\/strong><br>\nContinuous growth requires new challenges.\n<br><br>\n<strong style=\"font-size: 24px;\"><span style=\"color: #3366ff;\">S<\/span>trukturiertes Arbeiten \u2013 Structured work<\/strong><br>\nMethodical procedures and a systematic way of working ensure consistent quality.\t\t\t\t\t\t\t\t<\/div>\n\t\t\t\t<\/div>\n\t\t\t\t\t<\/div>\n\t\t<\/div>\n\t\t\t\t\t<\/div>\n\t\t<\/section>\n\t\t\t\t<section class=\"elementor-section elementor-top-section elementor-element elementor-element-83a91cf elementor-section-boxed elementor-section-height-default elementor-section-height-default\" data-id=\"83a91cf\" data-element_type=\"section\" data-e-type=\"section\">\n\t\t\t\t\t\t<div class=\"elementor-container elementor-column-gap-default\">\n\t\t\t\t\t<div class=\"elementor-column elementor-col-100 elementor-top-column elementor-element elementor-element-f1da457\" data-id=\"f1da457\" data-element_type=\"column\" data-e-type=\"column\">\n\t\t\t<div class=\"elementor-widget-wrap elementor-element-populated\">\n\t\t\t\t\t\t<div class=\"elementor-element elementor-element-e9e3ed3 elementor-widget elementor-widget-spacer\" data-id=\"e9e3ed3\" data-element_type=\"widget\" data-e-type=\"widget\" data-widget_type=\"spacer.default\">\n\t\t\t\t<div class=\"elementor-widget-container\">\n\t\t\t\t\t\t\t<div class=\"elementor-spacer\">\n\t\t\t<div class=\"elementor-spacer-inner\"><\/div>\n\t\t<\/div>\n\t\t\t\t\t\t<\/div>\n\t\t\t\t<\/div>\n\t\t\t\t\t<\/div>\n\t\t<\/div>\n\t\t\t\t\t<\/div>\n\t\t<\/section>\n\t\t\t\t<\/div>","protected":false},"excerpt":{"rendered":"<p>Wir sind f\u00fcr Sie da \u2013 Wir f\u00fcr Sie\u200b Zur Sicherung einer erfolgreichen Zukunft sind Innovation, Flexibilit\u00e4t und permanente \u00dcberwachung von Marktentwicklungen erforderlich. Wir leben von Marktver\u00e4nderungen. Diese Ver\u00e4nderungen bedeuten f\u00fcr uns mehr Verantwortung, Selbstorganisation und Selbstverpflichtung \u2013 im Rahmen klarer, selbsterstellter Zielvereinbarungen. Unsere Zusammenarbeit: Pers\u00f6nlich. Strukturiert. Leistungsf\u00e4hig. Der Mensch steht in einer zunehmend technisierten [&hellip;]<\/p>\n","protected":false},"author":1,"featured_media":0,"parent":123,"menu_order":0,"comment_status":"closed","ping_status":"closed","template":"","meta":{"inline_featured_image":false,"site-sidebar-layout":"default","site-content-layout":"","ast-site-content-layout":"default","site-content-style":"default","site-sidebar-style":"default","ast-global-header-display":"","ast-banner-title-visibility":"","ast-main-header-display":"","ast-hfb-above-header-display":"","ast-hfb-below-header-display":"","ast-hfb-mobile-header-display":"","site-post-title":"","ast-breadcrumbs-content":"","ast-featured-img":"","footer-sml-layout":"","ast-disable-related-posts":"","theme-transparent-header-meta":"","adv-header-id-meta":"","stick-header-meta":"","header-above-stick-meta":"","header-main-stick-meta":"","header-below-stick-meta":"","astra-migrate-meta-layouts":"default","ast-page-background-enabled":"default","ast-page-background-meta":{"desktop":{"background-color":"","background-image":"","background-repeat":"repeat","background-position":"center center","background-size":"auto","background-attachment":"scroll","background-type":"","background-media":"","overlay-type":"","overlay-color":"","overlay-opacity":"","overlay-gradient":""},"tablet":{"background-color":"","background-image":"","background-repeat":"repeat","background-position":"center center","background-size":"auto","background-attachment":"scroll","background-type":"","background-media":"","overlay-type":"","overlay-color":"","overlay-opacity":"","overlay-gradient":""},"mobile":{"background-color":"","background-image":"","background-repeat":"repeat","background-position":"center center","background-size":"auto","background-attachment":"scroll","background-type":"","background-media":"","overlay-type":"","overlay-color":"","overlay-opacity":"","overlay-gradient":""}},"ast-content-background-meta":{"desktop":{"background-color":"var(--ast-global-color-5)","background-image":"","background-repeat":"repeat","background-position":"center center","background-size":"auto","background-attachment":"scroll","background-type":"","background-media":"","overlay-type":"","overlay-color":"","overlay-opacity":"","overlay-gradient":""},"tablet":{"background-color":"var(--ast-global-color-5)","background-image":"","background-repeat":"repeat","background-position":"center center","background-size":"auto","background-attachment":"scroll","background-type":"","background-media":"","overlay-type":"","overlay-color":"","overlay-opacity":"","overlay-gradient":""},"mobile":{"background-color":"var(--ast-global-color-5)","background-image":"","background-repeat":"repeat","background-position":"center center","background-size":"auto","background-attachment":"scroll","background-type":"","background-media":"","overlay-type":"","overlay-color":"","overlay-opacity":"","overlay-gradient":""}},"footnotes":""},"class_list":["post-4938","page","type-page","status-publish","hentry"],"_links":{"self":[{"href":"https:\/\/www.conzeptas-rievers.at\/en\/wp-json\/wp\/v2\/pages\/4938","targetHints":{"allow":["GET"]}}],"collection":[{"href":"https:\/\/www.conzeptas-rievers.at\/en\/wp-json\/wp\/v2\/pages"}],"about":[{"href":"https:\/\/www.conzeptas-rievers.at\/en\/wp-json\/wp\/v2\/types\/page"}],"author":[{"embeddable":true,"href":"https:\/\/www.conzeptas-rievers.at\/en\/wp-json\/wp\/v2\/users\/1"}],"replies":[{"embeddable":true,"href":"https:\/\/www.conzeptas-rievers.at\/en\/wp-json\/wp\/v2\/comments?post=4938"}],"version-history":[{"count":37,"href":"https:\/\/www.conzeptas-rievers.at\/en\/wp-json\/wp\/v2\/pages\/4938\/revisions"}],"predecessor-version":[{"id":6045,"href":"https:\/\/www.conzeptas-rievers.at\/en\/wp-json\/wp\/v2\/pages\/4938\/revisions\/6045"}],"up":[{"embeddable":true,"href":"https:\/\/www.conzeptas-rievers.at\/en\/wp-json\/wp\/v2\/pages\/123"}],"wp:attachment":[{"href":"https:\/\/www.conzeptas-rievers.at\/en\/wp-json\/wp\/v2\/media?parent=4938"}],"curies":[{"name":"wp","href":"https:\/\/api.w.org\/{rel}","templated":true}]}}